{"id":804,"date":"2025-05-13T13:26:57","date_gmt":"2025-05-13T13:26:57","guid":{"rendered":"https:\/\/dancewithradu.com\/history\/"},"modified":"2025-07-27T12:09:51","modified_gmt":"2025-07-27T12:09:51","slug":"history","status":"publish","type":"page","link":"https:\/\/dancewithradu.com\/es\/history\/","title":{"rendered":"HISTORIA"},"content":{"rendered":"<div class=\"wp-block-uagb-container uagb-block-b058242a alignfull uagb-is-root-container\">\n<div class=\"wp-block-uagb-container uagb-block-85a16c6c\">\n<div class=\"wp-block-uagb-advanced-heading uagb-block-3dcd07cf\"><h3 class=\"uagb-heading-text\">Acerca de m\u00ed<\/h3><\/div>\n\n\n\n<div class=\"wp-block-uagb-advanced-heading uagb-block-a2f3d067\"><h1 class=\"uagb-heading-text\">HISTORIA<\/h1><\/div>\n<\/div>\n<\/div>\n\n\n\n<div class=\"wp-block-uagb-container uagb-block-d4b8fe2b alignfull uagb-is-root-container\">\n<div class=\"wp-block-uagb-container uagb-block-2f1bab44\">\n<div class=\"wp-block-uagb-advanced-heading uagb-block-18612481\"><h6 class=\"uagb-heading-text\"><br><strong>M\u00e1s de 20 a\u00f1os de pasi\u00f3n, rendimiento y ense\u00f1anza en todo el mundo.<\/strong><\/h6><\/div>\n\n\n\n<div class=\"wp-block-uagb-advanced-heading uagb-block-9bb1d1e0\"><h2 class=\"uagb-heading-text\">BAILAR\u00cdN Y PROFESOR<\/h2><\/div>\n\n\n\n<div class=\"wp-block-uagb-advanced-heading uagb-block-3a2fbaa6\"><p class=\"uagb-heading-text\">Mi trayectoria en el mundo de la danza comenz\u00f3 a los 6 a\u00f1os en Bucarest. A los 14 ya daba clases, aprendiendo con la misma curiosidad que hoy en d\u00eda y compartiendo esa alegr\u00eda con los dem\u00e1s.<br><br><br>A lo largo de los a\u00f1os, fui finalista en competiciones por toda Europa, gan\u00e9 varias veces el t\u00edtulo de subcampe\u00f3n nacional y me sent\u00ed muy orgulloso de ganar la Copa de Ruman\u00eda. Uno de mis momentos m\u00e1s inolvidables fue actuar en directo en el escenario junto a&nbsp;<strong>Michael Jackson<\/strong>.<br><br><br>Mi camino finalmente me llev\u00f3 a los Estados Unidos, donde ense\u00f1\u00e9 en la prestigiosa&nbsp;<strong>Arthur Murray Dance Company<\/strong>&nbsp;y gan\u00f3 el&nbsp;<strong>Baila conmigo EE. UU.<\/strong>&nbsp;Concurso de instructores. He tenido el privilegio de trabajar con cientos de alumnos y coreografiar docenas de rutinas inolvidables.<br><br><br>Para m\u00ed, ense\u00f1ar danza no se trata solo de t\u00e9cnica, sino de alegr\u00eda, confianza y la libertad de expresar qui\u00e9n eres a trav\u00e9s del movimiento. Ya sea que te est\u00e9s preparando para tu primer baile en pareja o simplemente bailes por placer, cada sesi\u00f3n es personalizada, tranquila y claramente guiada.<br><br><br>Recibir\u00e1s apoyo con profesionalidad, paciencia y la dosis justa de humor, porque el baile tambi\u00e9n tiene que ver con sonre\u00edr, no solo con la perfecci\u00f3n.<\/p><\/div>\n\n\n\n<div class=\"wp-block-uagb-advanced-heading uagb-block-387103e1\"><div class=\"uagb-separator\"><\/div><\/div>\n\n\n\n<div class=\"wp-block-uagb-advanced-heading uagb-block-cd81e471\"><p class=\"uagb-heading-text\"><em>\u00abLa danza es el lenguaje que utilizo para ayudar a las personas a reconectarse consigo mismas, con los dem\u00e1s y con la belleza del momento\u00bb.<\/em><\/p><\/div>\n<\/div>\n\n\n\n<div class=\"wp-block-uagb-container uagb-block-6bcc50c8\">\n<div class=\"wp-block-uagb-image alignleft uagb-block-a1fce2fe wp-block-uagb-image--layout-default wp-block-uagb-image--effect-static wp-block-uagb-image--align-left\"><figure class=\"wp-block-uagb-image__figure\"><img loading=\"lazy\" decoding=\"async\" srcset=\"https:\/\/dancewithradu.com\/wp-content\/uploads\/2025\/05\/IMG_2530-1.jpg ,https:\/\/dancewithradu.com\/wp-content\/uploads\/2025\/05\/IMG_2530-1.jpg 780w, https:\/\/dancewithradu.com\/wp-content\/uploads\/2025\/05\/IMG_2530-1.jpg 360w\" sizes=\"auto, (max-width: 480px) 150px\" src=\"https:\/\/dancewithradu.com\/wp-content\/uploads\/2025\/05\/IMG_2530-1.jpg\" alt=\"\" class=\"uag-image-3259\" width=\"1584\" height=\"2400\" title=\"IMG_2530\" role=\"img\"\/><\/figure><\/div>\n<\/div>\n<\/div>\n\n\n\n<div class=\"wp-block-uagb-container uagb-block-c34dd92b alignfull uagb-is-root-container\">\n<div class=\"wp-block-uagb-container uagb-block-f568acbe\">\n<div class=\"wp-block-uagb-container uagb-block-4e4b1cd8\">\n<div class=\"wp-block-uagb-advanced-heading uagb-block-99d47023\"><h3 class=\"uagb-heading-text\">Bailando desde 1989 <\/h3><\/div>\n\n\n\n<div class=\"wp-block-uagb-advanced-heading uagb-block-374c21ba\"><h2 class=\"uagb-heading-text\"><strong>La historia comenz\u00f3 hace 36 a\u00f1os, cuando descubr\u00ed la danza por primera vez...<\/strong><\/h2><\/div>\n<\/div>\n\n\n\n<div class=\"wp-block-uagb-container uagb-block-640420ac\">\n<div class=\"wp-block-uagb-container uagb-block-0d9dd1e2\">\n<div class=\"wp-block-uagb-advanced-heading uagb-block-fa059147\"><div class=\"uagb-separator\"><\/div><\/div>\n\n\n\n<div class=\"wp-block-uagb-advanced-heading uagb-block-2bc40ea5\"><h6 class=\"uagb-heading-text\">C\u00d3MO EMPEZ\u00d3 TODO<\/h6><\/div>\n<\/div>\n\n\n\n<div class=\"wp-block-uagb-container uagb-block-7d371396\">\n<div class=\"wp-block-uagb-content-timeline uagb-timeline__outer-wrap uagb-block-7e626f03-6f75-4cc9-9091-8146b5379147 uagb-timeline__content-wrap uagb-timeline__center-block  uagb-timeline__arrow-center uagb-timeline\">\n<article class=\"wp-block-uagb-content-timeline-child uagb-timeline__field uagb-timeline-child-5770af84-a5d8-480b-b3fa-ff4e44968b23 uagb-timeline__right\"><div class=\"uagb-timeline__marker out-view-uagb-timeline__icon\"><svg xmlns=\"https:\/\/www.w3.org\/2000\/svg\" viewbox=\"0 0 512 512\"><path d=\"M512 256C512 397.4 397.4 512 256 512C114.6 512 0 397.4 0 256C0 114.6 114.6 0 256 0C397.4 0 512 114.6 512 256z\"><\/path><\/svg><\/div><div class=\"uagb-timeline__day-new uagb-timeline__day-right uagb-timeline__events-inner-new\"><div class=\"uagb-timeline__events-inner--content\"><div class=\"uagb-timeline__date-hide uagb-timeline__inner-date-new\">May 1, 1989<\/div><h6 class=\"uagb-timeline__heading\"><br><strong>1989 \u2013 Primer contacto con la danza<\/strong><\/h6><p class=\"uagb-timeline-desc-content\">A los 6 a\u00f1os descubr\u00ed la danza moderna y, con ella, una nueva forma de expresar mi personalidad a trav\u00e9s del movimiento. Era curiosa, en\u00e9rgica y me atra\u00eda profundamente la m\u00fasica. Lo que comenz\u00f3 como una simple actividad se convirti\u00f3 r\u00e1pidamente en algo m\u00e1s: una alegr\u00eda pura que encendi\u00f3 una llama en m\u00ed y molde\u00f3 mi forma de moverme por el mundo.<\/p><div class=\"uagb-timeline__arrow\"><\/div><\/div><\/div><div class=\"uagb-timeline__date-new\">May 1, 1989<\/div><\/article>\n\n\n\n<article class=\"wp-block-uagb-content-timeline-child uagb-timeline__field uagb-timeline-child-935bccb5-d5ab-4e9f-b5a4-6ccefb536369 uagb-timeline__left\"><div class=\"uagb-timeline__marker out-view-uagb-timeline__icon\"><svg xmlns=\"https:\/\/www.w3.org\/2000\/svg\" viewbox=\"0 0 512 512\"><path d=\"M512 256C512 397.4 397.4 512 256 512C114.6 512 0 397.4 0 256C0 114.6 114.6 0 256 0C397.4 0 512 114.6 512 256z\"><\/path><\/svg><\/div><div class=\"uagb-timeline__day-new uagb-timeline__day-left uagb-timeline__events-inner-new\"><div class=\"uagb-timeline__events-inner--content\"><div class=\"uagb-timeline__date-hide uagb-timeline__inner-date-new\">March 20, 1995<\/div><h6 class=\"uagb-timeline__heading\"><br><strong>\u00a0<\/strong><br><strong>1995 \u2013 Entrando en el mundo del baile de sal\u00f3n<\/strong><\/h6><p class=\"uagb-timeline-desc-content\">Despu\u00e9s de unos a\u00f1os de danza moderna, entr\u00e9 por primera vez en un estudio de baile de sal\u00f3n: el famoso\u00a0<em>Pa\u0219i \u00een Doi<\/em>Escuela en Bucarest. Fue amor a primera vista. El ritmo, la disciplina y la elegancia del baile de sal\u00f3n me cautivaron al instante.<br><br><br>Apenas tres meses despu\u00e9s de empezar, ya estaba pisando la pista para mi primera competici\u00f3n.<\/p><div class=\"uagb-timeline__arrow\"><\/div><\/div><\/div><div class=\"uagb-timeline__date-new\">March 20, 1995<\/div><\/article>\n\n\n\n<article class=\"wp-block-uagb-content-timeline-child uagb-timeline__field uagb-timeline-child-dea5e21a-0406-487a-8bac-af1fa30ce879 uagb-timeline__right\"><div class=\"uagb-timeline__marker out-view-uagb-timeline__icon\"><svg xmlns=\"https:\/\/www.w3.org\/2000\/svg\" viewbox=\"0 0 512 512\"><path d=\"M512 256C512 397.4 397.4 512 256 512C114.6 512 0 397.4 0 256C0 114.6 114.6 0 256 0C397.4 0 512 114.6 512 256z\"><\/path><\/svg><\/div><div class=\"uagb-timeline__day-new uagb-timeline__day-right uagb-timeline__events-inner-new\"><div class=\"uagb-timeline__events-inner--content\"><div class=\"uagb-timeline__date-hide uagb-timeline__inner-date-new\">April 10, 1999<\/div><h6 class=\"uagb-timeline__heading\"><br><strong>1999 \u2013 Se convierte en instructor con solo <\/strong>14 a\u00f1os.<\/h6><p class=\"uagb-timeline-desc-content\">Mi dedicaci\u00f3n y madurez en la pista de baile pronto llamaron la atenci\u00f3n, y a los 14 a\u00f1os empec\u00e9 a dar clases. Fue durante esa \u00e9poca cuando descubr\u00ed mi verdadera vocaci\u00f3n: compartir con los dem\u00e1s lo que m\u00e1s me gusta.<br><br><br>Incluso a una edad temprana, encontr\u00e9 el equilibrio entre la paciencia y la precisi\u00f3n, lo que me ayud\u00f3 a ganarme el respeto tanto de mis alumnos como de mis compa\u00f1eros.<\/p><div class=\"uagb-timeline__arrow\"><\/div><\/div><\/div><div class=\"uagb-timeline__date-new\">April 10, 1999<\/div><\/article>\n\n\n\n<article class=\"wp-block-uagb-content-timeline-child uagb-timeline__field uagb-timeline-child-fd16756b-e357-4ef4-94ec-c49e6073b1e6 uagb-timeline__left\"><div class=\"uagb-timeline__marker out-view-uagb-timeline__icon\"><svg xmlns=\"https:\/\/www.w3.org\/2000\/svg\" viewbox=\"0 0 512 512\"><path d=\"M512 256C512 397.4 397.4 512 256 512C114.6 512 0 397.4 0 256C0 114.6 114.6 0 256 0C397.4 0 512 114.6 512 256z\"><\/path><\/svg><\/div><div class=\"uagb-timeline__day-new uagb-timeline__day-left uagb-timeline__events-inner-new\"><div class=\"uagb-timeline__events-inner--content\"><div class=\"uagb-timeline__date-hide uagb-timeline__inner-date-new\">January 1, 2005<\/div><h6 class=\"uagb-timeline__heading\"><br><strong>2000-2005: Campe\u00f3n nacional y finalista internacional.<\/strong><\/h6><p class=\"uagb-timeline-desc-content\">Durante estos a\u00f1os, particip\u00e9 activamente en competiciones nacionales e internacionales de baile de sal\u00f3n, representando con orgullo a Ruman\u00eda en pa\u00edses como Alemania, Bulgaria, Eslovaquia y Moldavia.<br><br><br>Me gan\u00e9 el t\u00edtulo de\u00a0<strong>Campe\u00f3n nacional<\/strong>\u00a0y llegu\u00e9 a ser finalista en varios campeonatos europeos. Mi estilo elegante y mi control preciso de los movimientos fueron reconocidos y elogiados constantemente en el mundo de la danza competitiva.<\/p><div class=\"uagb-timeline__arrow\"><\/div><\/div><\/div><div class=\"uagb-timeline__date-new\">January 1, 2005<\/div><\/article>\n\n\n\n<article class=\"wp-block-uagb-content-timeline-child uagb-timeline__field uagb-timeline-child-26714198-6cc9-42bd-b78a-4f1cc747b762 uagb-timeline__right\"><div class=\"uagb-timeline__marker out-view-uagb-timeline__icon\"><svg xmlns=\"https:\/\/www.w3.org\/2000\/svg\" viewbox=\"0 0 512 512\"><path d=\"M512 256C512 397.4 397.4 512 256 512C114.6 512 0 397.4 0 256C0 114.6 114.6 0 256 0C397.4 0 512 114.6 512 256z\"><\/path><\/svg><\/div><div class=\"uagb-timeline__day-new uagb-timeline__day-right uagb-timeline__events-inner-new\"><div class=\"uagb-timeline__events-inner--content\"><div class=\"uagb-timeline__date-hide uagb-timeline__inner-date-new\">May 3, 2012<\/div><h6 class=\"uagb-timeline__heading\"><br><strong>2010-2012: Instructor en EE. UU. \u2013 Arthur Murray<\/strong><\/h6><p class=\"uagb-timeline-desc-content\">Me mud\u00e9 a Estados Unidos, donde impart\u00ed clases en la prestigiosa\u00a0<strong>Arthur Murray Dance Company<\/strong>Este periodo fue transformador: me permiti\u00f3 perfeccionar tanto mi estilo como mi metodolog\u00eda docente mientras trabajaba con cientos de estudiantes de todos los \u00e1mbitos de la vida.<\/p><div class=\"uagb-timeline__arrow\"><\/div><\/div><\/div><div class=\"uagb-timeline__date-new\">May 3, 2012<\/div><\/article>\n\n\n\n<article class=\"wp-block-uagb-content-timeline-child uagb-timeline__field uagb-timeline-child-5984b75a uagb-timeline__left\"><div class=\"uagb-timeline__marker out-view-uagb-timeline__icon\"><svg xmlns=\"https:\/\/www.w3.org\/2000\/svg\" viewbox=\"0 0 512 512\"><path d=\"M512 256C512 397.4 397.4 512 256 512C114.6 512 0 397.4 0 256C0 114.6 114.6 0 256 0C397.4 0 512 114.6 512 256z\"><\/path><\/svg><\/div><div class=\"uagb-timeline__day-new uagb-timeline__day-left uagb-timeline__events-inner-new\"><div class=\"uagb-timeline__events-inner--content\"><div class=\"uagb-timeline__date-hide uagb-timeline__inner-date-new\">May 3, 2013<\/div><h6 class=\"uagb-timeline__heading\"><br><strong>\u00a0<\/strong><br><strong>2012-2013: Instructor y ganador en Dance With Me USA.<\/strong><\/h6><p class=\"uagb-timeline-desc-content\">En 2012, comenc\u00e9 a dar clases en la prestigiosa\u00a0<strong>Baila conmigo EE. UU.<\/strong>\u00a0Estudio: un entorno competitivo e inspirador que me impuls\u00f3 a crecer a\u00fan m\u00e1s como profesional.<br><br><br>En 2013, tuve el honor de ganar el premio m\u00e1s importante del estudio.\u00a0<strong>Concurso para instructores<\/strong>, reconocido por mi estilo de ense\u00f1anza claro, mi enfoque personalizado y mi carism\u00e1tica presencia en el aula.<\/p><div class=\"uagb-timeline__arrow\"><\/div><\/div><\/div><div class=\"uagb-timeline__date-new\">May 3, 2013<\/div><\/article>\n\n\n\n<article class=\"wp-block-uagb-content-timeline-child uagb-timeline__field uagb-timeline-child-87212c07 uagb-timeline__right\"><div class=\"uagb-timeline__marker out-view-uagb-timeline__icon\"><svg xmlns=\"https:\/\/www.w3.org\/2000\/svg\" viewbox=\"0 0 512 512\"><path d=\"M512 256C512 397.4 397.4 512 256 512C114.6 512 0 397.4 0 256C0 114.6 114.6 0 256 0C397.4 0 512 114.6 512 256z\"><\/path><\/svg><\/div><div class=\"uagb-timeline__day-new uagb-timeline__day-right uagb-timeline__events-inner-new\"><div class=\"uagb-timeline__events-inner--content\"><div class=\"uagb-timeline__date-hide uagb-timeline__inner-date-new\">May 3, 2022<\/div><h6 class=\"uagb-timeline__heading\"><br><strong>2022-2024: Regreso a Ruman\u00eda<\/strong><\/h6><p class=\"uagb-timeline-desc-content\">Tras a\u00f1os de experiencia internacional, tom\u00e9 la decisi\u00f3n de regresar a mi ciudad natal, Bucarest, impulsado por el deseo de aportar un nuevo y moderno nivel de profesionalidad a la ense\u00f1anza del baile de sal\u00f3n.<br><br><br>Me centr\u00e9 en clases particulares y coreograf\u00edas para bodas, ofreciendo un estilo de ense\u00f1anza personalizado, eficiente y contempor\u00e1neo, dise\u00f1ado para ayudar a cada alumno a sentirse seguro y conectado en la pista de baile.<\/p><div class=\"uagb-timeline__arrow\"><\/div><\/div><\/div><div class=\"uagb-timeline__date-new\">May 3, 2022<\/div><\/article>\n\n\n\n<article class=\"wp-block-uagb-content-timeline-child uagb-timeline__field uagb-timeline-child-f7b2f4f0 uagb-timeline__left\"><div class=\"uagb-timeline__marker out-view-uagb-timeline__icon\"><svg xmlns=\"https:\/\/www.w3.org\/2000\/svg\" viewbox=\"0 0 512 512\"><path d=\"M512 256C512 397.4 397.4 512 256 512C114.6 512 0 397.4 0 256C0 114.6 114.6 0 256 0C397.4 0 512 114.6 512 256z\"><\/path><\/svg><\/div><div class=\"uagb-timeline__day-new uagb-timeline__day-left uagb-timeline__events-inner-new\"><div class=\"uagb-timeline__events-inner--content\"><div class=\"uagb-timeline__date-hide uagb-timeline__inner-date-new\">August 18, 2025<\/div><h6 class=\"uagb-timeline__heading\"><br><strong>\u00a0<\/strong><br><strong>2025: un nuevo cap\u00edtulo en Marbella<\/strong><\/h6><p class=\"uagb-timeline-desc-content\">En 2025, comenc\u00e9 un nuevo cap\u00edtulo: me mud\u00e9 a\u00a0<strong>Marbella<\/strong>, un lugar lleno de belleza, energ\u00eda e inspiraci\u00f3n. Aqu\u00ed sigo ense\u00f1ando y creando, reuniendo m\u00e1s de tres d\u00e9cadas de experiencia en danza para ofrecer algo personal, elegante y verdaderamente \u00fanico.<br><br><br>Ya sea que te est\u00e9s preparando para tu boda, descubriendo el baile por primera vez o simplemente buscando moverte con alegr\u00eda y confianza, estoy aqu\u00ed para guiarte paso a paso.<\/p><div class=\"uagb-timeline__arrow\"><\/div><\/div><\/div><div class=\"uagb-timeline__date-new\">August 18, 2025<\/div><\/article>\n<div class=\"uagb-timeline__line\"><div class=\"uagb-timeline__line__inner\"><\/div><\/div><\/div>\n<\/div>\n<\/div>\n<\/div>\n<\/div>\n\n\n\n<div class=\"wp-block-uagb-container uagb-block-75c1e1b7 alignfull uagb-is-root-container\">\n<div class=\"wp-block-uagb-container uagb-block-5dd0ff40\">\n<div class=\"wp-block-uagb-advanced-heading uagb-block-5d34f00d\"><h3 class=\"uagb-heading-text\">Reserva tu plaza<\/h3><\/div>\n\n\n\n<div class=\"wp-block-uagb-advanced-heading uagb-block-3062c8c8\"><h2 class=\"uagb-heading-text\">CONTACT<\/h2><\/div>\n\n\n\n<div class=\"wp-block-uagb-forms uagb-forms__outer-wrap uagb-block-e746d5a6 uagb-forms__default-btn\"><form class=\"uagb-forms-main-form\" method=\"post\" autocomplete=\"on\" name=\"uagb-form-e746d5a6\" action=\"\">\n<div class=\"wp-block-uagb-forms-name uagb-forms-name-wrap uagb-forms-field-set uagb-block-c65b1a43\"><div class=\"uagb-forms-name-label required uagb-forms-input-label\" id=\"c65b1a43\">First Name<\/div><input type=\"text\" placeholder=\"NAME\" required class=\"uagb-forms-name-input uagb-forms-input\" name=\"c65b1a43\" autocomplete=\"given-name\"\/><\/div>\n\n\n\n<div class=\"wp-block-uagb-forms-name uagb-forms-name-wrap uagb-forms-field-set uagb-block-e009260c\"><div class=\"uagb-forms-name-label required uagb-forms-input-label\" id=\"e009260c\">Last Name<\/div><input type=\"text\" placeholder=\"PHONE\" required class=\"uagb-forms-name-input uagb-forms-input\" name=\"e009260c\" autocomplete=\"family-name\"\/><\/div>\n\n\n\n<div class=\"wp-block-uagb-forms-name uagb-forms-name-wrap uagb-forms-field-set uagb-block-7e46a634\"><div class=\"uagb-forms-name-label required uagb-forms-input-label\" id=\"7e46a634\">Last Name<\/div><input type=\"text\" placeholder=\"RESERVATION DAY\" required class=\"uagb-forms-name-input uagb-forms-input\" name=\"7e46a634\" autocomplete=\"family-name\"\/><\/div>\n\n\n\n<div class=\"wp-block-uagb-forms-name uagb-forms-name-wrap uagb-forms-field-set uagb-block-c763eea9\"><div class=\"uagb-forms-name-label required uagb-forms-input-label\" id=\"c763eea9\">Last Name<\/div><input type=\"text\" placeholder=\"HOUR\" required class=\"uagb-forms-name-input uagb-forms-input\" name=\"c763eea9\" autocomplete=\"family-name\"\/><\/div>\n<div class=\"uagb-forms-form-hidden-data\"><input type=\"hidden\" class=\"uagb_forms_form_label\" value=\"Spectra Form\"\/><input type=\"hidden\" class=\"uagb_forms_form_id\" value=\"uagb-form-e746d5a6\"\/><\/div><div class=\"uagb-form-reacaptcha-error-e746d5a6\"><\/div><div class=\"uagb-forms-main-submit-button-wrap wp-block-button\"><button class=\"uagb-forms-main-submit-button wp-block-button__link\"><div class=\"uagb-forms-main-submit-button-text\">enviar<\/div><\/button><\/div><input type=\"hidden\" name=\"trp-form-language\" value=\"es\"\/><\/form><div class=\"uagb-forms-success-message-e746d5a6 uagb-forms-submit-message-hide\"><span>The form has been submitted successfully!<\/span><\/div><div class=\"uagb-forms-failed-message-e746d5a6 uagb-forms-submit-message-hide\"><span>There has been some error while submitting the form. Please verify all form fields again.<\/span><\/div><\/div>\n<\/div>\n<\/div>\n\n\n\n<p><\/p>","protected":false},"excerpt":{"rendered":"<p>About me HISTORY Over 20 years of passion, performance, and teaching across the world DANCER &amp; TEACHER My journey with [&hellip;]<\/p>","protected":false},"author":1,"featured_media":0,"parent":0,"menu_order":0,"comment_status":"closed","ping_status":"closed","template":"","meta":{"_uag_custom_page_level_css":"","site-sidebar-layout":"default","site-content-layout":"","ast-site-content-layout":"default","site-content-style":"default","site-sidebar-style":"default","ast-global-header-display":"","ast-banner-title-visibility":"","ast-main-header-display":"","ast-hfb-above-header-display":"","ast-hfb-below-header-display":"","ast-hfb-mobile-header-display":"","site-post-title":"disabled","ast-breadcrumbs-content":"","ast-featured-img":"","footer-sml-layout":"","theme-transparent-header-meta":"enabled","adv-header-id-meta":"","stick-header-meta":"","header-above-stick-meta":"","header-main-stick-meta":"","header-below-stick-meta":"","astra-migrate-meta-layouts":"set","ast-page-background-enabled":"default","ast-page-background-meta":{"desktop":{"background-color":"var(--ast-global-color-4)","background-image":"","background-repeat":"repeat","background-position":"center center","background-size":"auto","background-attachment":"scroll","background-type":"","background-media":"","overlay-type":"","overlay-color":"","overlay-opacity":"","overlay-gradient":""},"tablet":{"background-color":"","background-image":"","background-repeat":"repeat","background-position":"center center","background-size":"auto","background-attachment":"scroll","background-type":"","background-media":"","overlay-type":"","overlay-color":"","overlay-opacity":"","overlay-gradient":""},"mobile":{"background-color":"","background-image":"","background-repeat":"repeat","background-position":"center center","background-size":"auto","background-attachment":"scroll","background-type":"","background-media":"","overlay-type":"","overlay-color":"","overlay-opacity":"","overlay-gradient":""}},"ast-content-background-meta":{"desktop":{"background-color":"var(--ast-global-color-5)","background-image":"","background-repeat":"repeat","background-position":"center center","background-size":"auto","background-attachment":"scroll","background-type":"","background-media":"","overlay-type":"","overlay-color":"","overlay-opacity":"","overlay-gradient":""},"tablet":{"background-color":"var(--ast-global-color-5)","background-image":"","background-repeat":"repeat","background-position":"center center","background-size":"auto","background-attachment":"scroll","background-type":"","background-media":"","overlay-type":"","overlay-color":"","overlay-opacity":"","overlay-gradient":""},"mobile":{"background-color":"var(--ast-global-color-5)","background-image":"","background-repeat":"repeat","background-position":"center center","background-size":"auto","background-attachment":"scroll","background-type":"","background-media":"","overlay-type":"","overlay-color":"","overlay-opacity":"","overlay-gradient":""}},"footnotes":""},"class_list":["post-804","page","type-page","status-publish","hentry"],"uagb_featured_image_src":{"full":false,"thumbnail":false,"medium":false,"medium_large":false,"large":false,"1536x1536":false,"2048x2048":false,"trp-custom-language-flag":false},"uagb_author_info":{"display_name":"dancewithradu","author_link":"https:\/\/dancewithradu.com\/es\/author\/turcan-oanagmail-com\/"},"uagb_comment_info":0,"uagb_excerpt":"About me HISTORY Over 20 years of passion, performance, and teaching across the world DANCER &amp; TEACHER My journey with [&hellip;]","_links":{"self":[{"href":"https:\/\/dancewithradu.com\/es\/wp-json\/wp\/v2\/pages\/804","targetHints":{"allow":["GET"]}}],"collection":[{"href":"https:\/\/dancewithradu.com\/es\/wp-json\/wp\/v2\/pages"}],"about":[{"href":"https:\/\/dancewithradu.com\/es\/wp-json\/wp\/v2\/types\/page"}],"author":[{"embeddable":true,"href":"https:\/\/dancewithradu.com\/es\/wp-json\/wp\/v2\/users\/1"}],"replies":[{"embeddable":true,"href":"https:\/\/dancewithradu.com\/es\/wp-json\/wp\/v2\/comments?post=804"}],"version-history":[{"count":28,"href":"https:\/\/dancewithradu.com\/es\/wp-json\/wp\/v2\/pages\/804\/revisions"}],"predecessor-version":[{"id":3374,"href":"https:\/\/dancewithradu.com\/es\/wp-json\/wp\/v2\/pages\/804\/revisions\/3374"}],"wp:attachment":[{"href":"https:\/\/dancewithradu.com\/es\/wp-json\/wp\/v2\/media?parent=804"}],"curies":[{"name":"wp","href":"https:\/\/api.w.org\/{rel}","templated":true}]}}